{"id":1749,"date":"2024-02-02T16:55:47","date_gmt":"2024-02-02T15:55:47","guid":{"rendered":"https:\/\/maglioccovins.ch\/product\/merlot\/"},"modified":"2024-02-05T14:18:10","modified_gmt":"2024-02-05T13:18:10","slug":"merlot","status":"publish","type":"product","link":"https:\/\/maglioccovins.ch\/de\/produit\/merlot\/","title":{"rendered":"Merlot"},"content":{"rendered":"<div class=\"page\" title=\"Page 3\">\n<div class=\"section\">\n<div class=\"layoutArea\">\n<div class=\"column\">\n<p>Ein sehr ausdrucksstarker Wein. Junge schwarze Fr\u00fcchte vermischen sich mit Aromen von Johannisbeerbl\u00e4ttern und Heidenoten. Reine Mineralit\u00e4t, die f\u00fcr Harmonie sorgt. Am Gaumen weich, ohne zu beschweren. Seine Energie konzentriert sich in einer ausgepr\u00e4gten und sehr feinen Tanninstruktur. Heute passt dieser Wein ideal zu gegrilltem Fleisch oder gereiftem, charaktervollem K\u00e4se. Mit den Jahren tritt seine Eleganz und Feinheit zunehmend hervor, sodass er perfekt f\u00fcr sich allein genossen werden kann.<\/p>\n<\/div>\n<\/div>\n<\/div>\n<\/div>\n","protected":false},"excerpt":{"rendered":"<p>Ein sehr ausdrucksstarker Wein. Junge schwarze Fr\u00fcchte vermischen sich mit Aromen von Johannisbeerbl\u00e4ttern und Heidenoten. Reine Mineralit\u00e4t, die f\u00fcr Harmonie sorgt. Am Gaumen weich, ohne zu beschweren. Seine Energie konzentriert sich in einer ausgepr\u00e4gten und sehr feinen Tanninstruktur. Heute passt dieser Wein ideal zu gegrilltem Fleisch oder gereiftem, charaktervollem K\u00e4se. Mit den Jahren tritt seine &hellip;<\/p>\n","protected":false},"featured_media":1637,"template":"","meta":{"_acf_changed":false},"product_brand":[],"product_cat":[83],"product_tag":[],"class_list":{"0":"post-1749","1":"product","2":"type-product","3":"status-publish","4":"has-post-thumbnail","6":"product_cat-rotweine","8":"first","9":"instock","10":"shipping-taxable","11":"purchasable","12":"product-type-variable","13":"has-default-attributes"},"acf":[],"yoast_head":"<!-- This site is optimized with the Yoast SEO plugin v27.5 - https:\/\/yoast.com\/product\/yoast-seo-wordpress\/ -->\n<title>Merlot - Magliocco Vins<\/title>\n<meta name=\"robots\" content=\"index, follow, max-snippet:-1, max-image-preview:large, max-video-preview:-1\" \/>\n<link rel=\"canonical\" href=\"https:\/\/maglioccovins.ch\/de\/produit\/merlot\/\" \/>\n<meta property=\"og:locale\" content=\"de_DE\" \/>\n<meta property=\"og:type\" content=\"article\" \/>\n<meta property=\"og:title\" content=\"Merlot - Magliocco Vins\" \/>\n<meta property=\"og:description\" content=\"Ein sehr ausdrucksstarker Wein. Junge schwarze Fr\u00fcchte vermischen sich mit Aromen von Johannisbeerbl\u00e4ttern und Heidenoten. Reine Mineralit\u00e4t, die f\u00fcr Harmonie sorgt. Am Gaumen weich, ohne zu beschweren. Seine Energie konzentriert sich in einer ausgepr\u00e4gten und sehr feinen Tanninstruktur. Heute passt dieser Wein ideal zu gegrilltem Fleisch oder gereiftem, charaktervollem K\u00e4se. Mit den Jahren tritt seine &hellip;\" \/>\n<meta property=\"og:url\" content=\"https:\/\/maglioccovins.ch\/de\/produit\/merlot\/\" \/>\n<meta property=\"og:site_name\" content=\"Magliocco Vins\" \/>\n<meta property=\"article:publisher\" content=\"https:\/\/www.facebook.com\/maglioccovins\/\" \/>\n<meta property=\"article:modified_time\" content=\"2024-02-05T13:18:10+00:00\" \/>\n<meta property=\"og:image\" content=\"https:\/\/maglioccovins.ch\/wp-content\/uploads\/2024\/02\/MerlotBouteille.webp\" \/>\n\t<meta property=\"og:image:width\" content=\"763\" \/>\n\t<meta property=\"og:image:height\" content=\"1666\" \/>\n\t<meta property=\"og:image:type\" content=\"image\/webp\" \/>\n<meta name=\"twitter:card\" content=\"summary_large_image\" \/>\n<script type=\"application\/ld+json\" class=\"yoast-schema-graph\">{\"@context\":\"https:\\\/\\\/schema.org\",\"@graph\":[{\"@type\":\"WebPage\",\"@id\":\"https:\\\/\\\/maglioccovins.ch\\\/de\\\/produit\\\/merlot\\\/\",\"url\":\"https:\\\/\\\/maglioccovins.ch\\\/de\\\/produit\\\/merlot\\\/\",\"name\":\"Merlot - Magliocco Vins\",\"isPartOf\":{\"@id\":\"https:\\\/\\\/maglioccovins.ch\\\/de\\\/#website\"},\"primaryImageOfPage\":{\"@id\":\"https:\\\/\\\/maglioccovins.ch\\\/de\\\/produit\\\/merlot\\\/#primaryimage\"},\"image\":{\"@id\":\"https:\\\/\\\/maglioccovins.ch\\\/de\\\/produit\\\/merlot\\\/#primaryimage\"},\"thumbnailUrl\":\"https:\\\/\\\/maglioccovins.ch\\\/wp-content\\\/uploads\\\/2024\\\/02\\\/MerlotBouteille.webp\",\"datePublished\":\"2024-02-02T15:55:47+00:00\",\"dateModified\":\"2024-02-05T13:18:10+00:00\",\"breadcrumb\":{\"@id\":\"https:\\\/\\\/maglioccovins.ch\\\/de\\\/produit\\\/merlot\\\/#breadcrumb\"},\"inLanguage\":\"de\",\"potentialAction\":[{\"@type\":\"ReadAction\",\"target\":[\"https:\\\/\\\/maglioccovins.ch\\\/de\\\/produit\\\/merlot\\\/\"]}]},{\"@type\":\"ImageObject\",\"inLanguage\":\"de\",\"@id\":\"https:\\\/\\\/maglioccovins.ch\\\/de\\\/produit\\\/merlot\\\/#primaryimage\",\"url\":\"https:\\\/\\\/maglioccovins.ch\\\/wp-content\\\/uploads\\\/2024\\\/02\\\/MerlotBouteille.webp\",\"contentUrl\":\"https:\\\/\\\/maglioccovins.ch\\\/wp-content\\\/uploads\\\/2024\\\/02\\\/MerlotBouteille.webp\",\"width\":763,\"height\":1666},{\"@type\":\"BreadcrumbList\",\"@id\":\"https:\\\/\\\/maglioccovins.ch\\\/de\\\/produit\\\/merlot\\\/#breadcrumb\",\"itemListElement\":[{\"@type\":\"ListItem\",\"position\":1,\"name\":\"Accueil\",\"item\":\"https:\\\/\\\/maglioccovins.ch\\\/de\\\/\"},{\"@type\":\"ListItem\",\"position\":2,\"name\":\"Shop\",\"item\":\"https:\\\/\\\/maglioccovins.ch\\\/de\\\/shop\\\/\"},{\"@type\":\"ListItem\",\"position\":3,\"name\":\"Merlot\"}]},{\"@type\":\"WebSite\",\"@id\":\"https:\\\/\\\/maglioccovins.ch\\\/de\\\/#website\",\"url\":\"https:\\\/\\\/maglioccovins.ch\\\/de\\\/\",\"name\":\"Magliocco Vins\",\"description\":\"\",\"publisher\":{\"@id\":\"https:\\\/\\\/maglioccovins.ch\\\/de\\\/#organization\"},\"potentialAction\":[{\"@type\":\"SearchAction\",\"target\":{\"@type\":\"EntryPoint\",\"urlTemplate\":\"https:\\\/\\\/maglioccovins.ch\\\/de\\\/?s={search_term_string}\"},\"query-input\":{\"@type\":\"PropertyValueSpecification\",\"valueRequired\":true,\"valueName\":\"search_term_string\"}}],\"inLanguage\":\"de\"},{\"@type\":\"Organization\",\"@id\":\"https:\\\/\\\/maglioccovins.ch\\\/de\\\/#organization\",\"name\":\"Magliocco Vins\",\"url\":\"https:\\\/\\\/maglioccovins.ch\\\/de\\\/\",\"logo\":{\"@type\":\"ImageObject\",\"inLanguage\":\"de\",\"@id\":\"https:\\\/\\\/maglioccovins.ch\\\/de\\\/#\\\/schema\\\/logo\\\/image\\\/\",\"url\":\"https:\\\/\\\/maglioccovins.ch\\\/wp-content\\\/uploads\\\/2024\\\/02\\\/logo.png\",\"contentUrl\":\"https:\\\/\\\/maglioccovins.ch\\\/wp-content\\\/uploads\\\/2024\\\/02\\\/logo.png\",\"width\":940,\"height\":499,\"caption\":\"Magliocco Vins\"},\"image\":{\"@id\":\"https:\\\/\\\/maglioccovins.ch\\\/de\\\/#\\\/schema\\\/logo\\\/image\\\/\"},\"sameAs\":[\"https:\\\/\\\/www.facebook.com\\\/maglioccovins\\\/\",\"https:\\\/\\\/www.instagram.com\\\/maglioccovins\\\/\"]}]}<\/script>\n<!-- \/ Yoast SEO plugin. -->","yoast_head_json":{"title":"Merlot - Magliocco Vins","robots":{"index":"index","follow":"follow","max-snippet":"max-snippet:-1","max-image-preview":"max-image-preview:large","max-video-preview":"max-video-preview:-1"},"canonical":"https:\/\/maglioccovins.ch\/de\/produit\/merlot\/","og_locale":"de_DE","og_type":"article","og_title":"Merlot - Magliocco Vins","og_description":"Ein sehr ausdrucksstarker Wein. Junge schwarze Fr\u00fcchte vermischen sich mit Aromen von Johannisbeerbl\u00e4ttern und Heidenoten. Reine Mineralit\u00e4t, die f\u00fcr Harmonie sorgt. Am Gaumen weich, ohne zu beschweren. Seine Energie konzentriert sich in einer ausgepr\u00e4gten und sehr feinen Tanninstruktur. Heute passt dieser Wein ideal zu gegrilltem Fleisch oder gereiftem, charaktervollem K\u00e4se. Mit den Jahren tritt seine &hellip;","og_url":"https:\/\/maglioccovins.ch\/de\/produit\/merlot\/","og_site_name":"Magliocco Vins","article_publisher":"https:\/\/www.facebook.com\/maglioccovins\/","article_modified_time":"2024-02-05T13:18:10+00:00","og_image":[{"width":763,"height":1666,"url":"https:\/\/maglioccovins.ch\/wp-content\/uploads\/2024\/02\/MerlotBouteille.webp","type":"image\/webp"}],"twitter_card":"summary_large_image","schema":{"@context":"https:\/\/schema.org","@graph":[{"@type":"WebPage","@id":"https:\/\/maglioccovins.ch\/de\/produit\/merlot\/","url":"https:\/\/maglioccovins.ch\/de\/produit\/merlot\/","name":"Merlot - Magliocco Vins","isPartOf":{"@id":"https:\/\/maglioccovins.ch\/de\/#website"},"primaryImageOfPage":{"@id":"https:\/\/maglioccovins.ch\/de\/produit\/merlot\/#primaryimage"},"image":{"@id":"https:\/\/maglioccovins.ch\/de\/produit\/merlot\/#primaryimage"},"thumbnailUrl":"https:\/\/maglioccovins.ch\/wp-content\/uploads\/2024\/02\/MerlotBouteille.webp","datePublished":"2024-02-02T15:55:47+00:00","dateModified":"2024-02-05T13:18:10+00:00","breadcrumb":{"@id":"https:\/\/maglioccovins.ch\/de\/produit\/merlot\/#breadcrumb"},"inLanguage":"de","potentialAction":[{"@type":"ReadAction","target":["https:\/\/maglioccovins.ch\/de\/produit\/merlot\/"]}]},{"@type":"ImageObject","inLanguage":"de","@id":"https:\/\/maglioccovins.ch\/de\/produit\/merlot\/#primaryimage","url":"https:\/\/maglioccovins.ch\/wp-content\/uploads\/2024\/02\/MerlotBouteille.webp","contentUrl":"https:\/\/maglioccovins.ch\/wp-content\/uploads\/2024\/02\/MerlotBouteille.webp","width":763,"height":1666},{"@type":"BreadcrumbList","@id":"https:\/\/maglioccovins.ch\/de\/produit\/merlot\/#breadcrumb","itemListElement":[{"@type":"ListItem","position":1,"name":"Accueil","item":"https:\/\/maglioccovins.ch\/de\/"},{"@type":"ListItem","position":2,"name":"Shop","item":"https:\/\/maglioccovins.ch\/de\/shop\/"},{"@type":"ListItem","position":3,"name":"Merlot"}]},{"@type":"WebSite","@id":"https:\/\/maglioccovins.ch\/de\/#website","url":"https:\/\/maglioccovins.ch\/de\/","name":"Magliocco Vins","description":"","publisher":{"@id":"https:\/\/maglioccovins.ch\/de\/#organization"},"potentialAction":[{"@type":"SearchAction","target":{"@type":"EntryPoint","urlTemplate":"https:\/\/maglioccovins.ch\/de\/?s={search_term_string}"},"query-input":{"@type":"PropertyValueSpecification","valueRequired":true,"valueName":"search_term_string"}}],"inLanguage":"de"},{"@type":"Organization","@id":"https:\/\/maglioccovins.ch\/de\/#organization","name":"Magliocco Vins","url":"https:\/\/maglioccovins.ch\/de\/","logo":{"@type":"ImageObject","inLanguage":"de","@id":"https:\/\/maglioccovins.ch\/de\/#\/schema\/logo\/image\/","url":"https:\/\/maglioccovins.ch\/wp-content\/uploads\/2024\/02\/logo.png","contentUrl":"https:\/\/maglioccovins.ch\/wp-content\/uploads\/2024\/02\/logo.png","width":940,"height":499,"caption":"Magliocco Vins"},"image":{"@id":"https:\/\/maglioccovins.ch\/de\/#\/schema\/logo\/image\/"},"sameAs":["https:\/\/www.facebook.com\/maglioccovins\/","https:\/\/www.instagram.com\/maglioccovins\/"]}]}},"_links":{"self":[{"href":"https:\/\/maglioccovins.ch\/de\/wp-json\/wp\/v2\/product\/1749","targetHints":{"allow":["GET"]}}],"collection":[{"href":"https:\/\/maglioccovins.ch\/de\/wp-json\/wp\/v2\/product"}],"about":[{"href":"https:\/\/maglioccovins.ch\/de\/wp-json\/wp\/v2\/types\/product"}],"wp:featuredmedia":[{"embeddable":true,"href":"https:\/\/maglioccovins.ch\/de\/wp-json\/wp\/v2\/media\/1637"}],"wp:attachment":[{"href":"https:\/\/maglioccovins.ch\/de\/wp-json\/wp\/v2\/media?parent=1749"}],"wp:term":[{"taxonomy":"product_brand","embeddable":true,"href":"https:\/\/maglioccovins.ch\/de\/wp-json\/wp\/v2\/product_brand?post=1749"},{"taxonomy":"product_cat","embeddable":true,"href":"https:\/\/maglioccovins.ch\/de\/wp-json\/wp\/v2\/product_cat?post=1749"},{"taxonomy":"product_tag","embeddable":true,"href":"https:\/\/maglioccovins.ch\/de\/wp-json\/wp\/v2\/product_tag?post=1749"}],"curies":[{"name":"wp","href":"https:\/\/api.w.org\/{rel}","templated":true}]}}