{"id":1751,"date":"2024-02-02T16:51:00","date_gmt":"2024-02-02T15:51:00","guid":{"rendered":"https:\/\/maglioccovins.ch\/product\/cornalin\/"},"modified":"2024-02-05T14:19:55","modified_gmt":"2024-02-05T13:19:55","slug":"cornalin","status":"publish","type":"product","link":"https:\/\/maglioccovins.ch\/de\/produit\/cornalin\/","title":{"rendered":"Cornalin"},"content":{"rendered":"<div class=\"page\" title=\"Page 3\">\n<div class=\"section\">\n<div class=\"layoutArea\">\n<div class=\"column\">\n<p>Zur\u00fcckhaltende, kompakte Nase. Damit dieser Wein sich voll entfalten kann, sollte er etwa eine Stunde im Voraus ge\u00f6ffnet werden. Zeigt Aromen von reifen schwarzen Fr\u00fcchten, Kirsche, S\u00fcssholz, Kakao. Hoher Alkohol am Gaumen. Die S\u00e4ure unterstreicht den gesamten K\u00f6rper des Weines mit feiner, lebhafter Tanninstruktur. Ein ausgesprochen junger Wein, der die Probe der Zeit nicht scheut. Passt in seiner Jugend perfekt zu gegrilltem Fleisch. Mit den Jahren ideal zu italienischen Wurstwaren.<\/p>\n<\/div>\n<\/div>\n<\/div>\n<\/div>\n","protected":false},"excerpt":{"rendered":"<p>Zur\u00fcckhaltende, kompakte Nase. Damit dieser Wein sich voll entfalten kann, sollte er etwa eine Stunde im Voraus ge\u00f6ffnet werden. Zeigt Aromen von reifen schwarzen Fr\u00fcchten, Kirsche, S\u00fcssholz, Kakao. Hoher Alkohol am Gaumen. Die S\u00e4ure unterstreicht den gesamten K\u00f6rper des Weines mit feiner, lebhafter Tanninstruktur. Ein ausgesprochen junger Wein, der die Probe der Zeit nicht scheut. &hellip;<\/p>\n","protected":false},"featured_media":1631,"template":"","meta":{"_acf_changed":false},"product_brand":[],"product_cat":[83],"product_tag":[],"class_list":{"0":"post-1751","1":"product","2":"type-product","3":"status-publish","4":"has-post-thumbnail","6":"product_cat-rotweine","8":"first","9":"instock","10":"shipping-taxable","11":"purchasable","12":"product-type-variable","13":"has-default-attributes"},"acf":[],"yoast_head":"<!-- This site is optimized with the Yoast SEO plugin v27.5 - https:\/\/yoast.com\/product\/yoast-seo-wordpress\/ -->\n<title>Cornalin - Magliocco Vins<\/title>\n<meta name=\"robots\" content=\"index, follow, max-snippet:-1, max-image-preview:large, max-video-preview:-1\" \/>\n<link rel=\"canonical\" href=\"https:\/\/maglioccovins.ch\/de\/produit\/cornalin\/\" \/>\n<meta property=\"og:locale\" content=\"de_DE\" \/>\n<meta property=\"og:type\" content=\"article\" \/>\n<meta property=\"og:title\" content=\"Cornalin - Magliocco Vins\" \/>\n<meta property=\"og:description\" content=\"Zur\u00fcckhaltende, kompakte Nase. Damit dieser Wein sich voll entfalten kann, sollte er etwa eine Stunde im Voraus ge\u00f6ffnet werden. Zeigt Aromen von reifen schwarzen Fr\u00fcchten, Kirsche, S\u00fcssholz, Kakao. Hoher Alkohol am Gaumen. Die S\u00e4ure unterstreicht den gesamten K\u00f6rper des Weines mit feiner, lebhafter Tanninstruktur. Ein ausgesprochen junger Wein, der die Probe der Zeit nicht scheut. &hellip;\" \/>\n<meta property=\"og:url\" content=\"https:\/\/maglioccovins.ch\/de\/produit\/cornalin\/\" \/>\n<meta property=\"og:site_name\" content=\"Magliocco Vins\" \/>\n<meta property=\"article:publisher\" content=\"https:\/\/www.facebook.com\/maglioccovins\/\" \/>\n<meta property=\"article:modified_time\" content=\"2024-02-05T13:19:55+00:00\" \/>\n<meta property=\"og:image\" content=\"https:\/\/maglioccovins.ch\/wp-content\/uploads\/2024\/02\/CornalinBouteille.webp\" \/>\n\t<meta property=\"og:image:width\" content=\"763\" \/>\n\t<meta property=\"og:image:height\" content=\"1666\" \/>\n\t<meta property=\"og:image:type\" content=\"image\/webp\" \/>\n<meta name=\"twitter:card\" content=\"summary_large_image\" \/>\n<script type=\"application\/ld+json\" class=\"yoast-schema-graph\">{\"@context\":\"https:\\\/\\\/schema.org\",\"@graph\":[{\"@type\":\"WebPage\",\"@id\":\"https:\\\/\\\/maglioccovins.ch\\\/de\\\/produit\\\/cornalin\\\/\",\"url\":\"https:\\\/\\\/maglioccovins.ch\\\/de\\\/produit\\\/cornalin\\\/\",\"name\":\"Cornalin - Magliocco Vins\",\"isPartOf\":{\"@id\":\"https:\\\/\\\/maglioccovins.ch\\\/de\\\/#website\"},\"primaryImageOfPage\":{\"@id\":\"https:\\\/\\\/maglioccovins.ch\\\/de\\\/produit\\\/cornalin\\\/#primaryimage\"},\"image\":{\"@id\":\"https:\\\/\\\/maglioccovins.ch\\\/de\\\/produit\\\/cornalin\\\/#primaryimage\"},\"thumbnailUrl\":\"https:\\\/\\\/maglioccovins.ch\\\/wp-content\\\/uploads\\\/2024\\\/02\\\/CornalinBouteille.webp\",\"datePublished\":\"2024-02-02T15:51:00+00:00\",\"dateModified\":\"2024-02-05T13:19:55+00:00\",\"breadcrumb\":{\"@id\":\"https:\\\/\\\/maglioccovins.ch\\\/de\\\/produit\\\/cornalin\\\/#breadcrumb\"},\"inLanguage\":\"de\",\"potentialAction\":[{\"@type\":\"ReadAction\",\"target\":[\"https:\\\/\\\/maglioccovins.ch\\\/de\\\/produit\\\/cornalin\\\/\"]}]},{\"@type\":\"ImageObject\",\"inLanguage\":\"de\",\"@id\":\"https:\\\/\\\/maglioccovins.ch\\\/de\\\/produit\\\/cornalin\\\/#primaryimage\",\"url\":\"https:\\\/\\\/maglioccovins.ch\\\/wp-content\\\/uploads\\\/2024\\\/02\\\/CornalinBouteille.webp\",\"contentUrl\":\"https:\\\/\\\/maglioccovins.ch\\\/wp-content\\\/uploads\\\/2024\\\/02\\\/CornalinBouteille.webp\",\"width\":763,\"height\":1666},{\"@type\":\"BreadcrumbList\",\"@id\":\"https:\\\/\\\/maglioccovins.ch\\\/de\\\/produit\\\/cornalin\\\/#breadcrumb\",\"itemListElement\":[{\"@type\":\"ListItem\",\"position\":1,\"name\":\"Accueil\",\"item\":\"https:\\\/\\\/maglioccovins.ch\\\/de\\\/\"},{\"@type\":\"ListItem\",\"position\":2,\"name\":\"Shop\",\"item\":\"https:\\\/\\\/maglioccovins.ch\\\/de\\\/shop\\\/\"},{\"@type\":\"ListItem\",\"position\":3,\"name\":\"Cornalin\"}]},{\"@type\":\"WebSite\",\"@id\":\"https:\\\/\\\/maglioccovins.ch\\\/de\\\/#website\",\"url\":\"https:\\\/\\\/maglioccovins.ch\\\/de\\\/\",\"name\":\"Magliocco Vins\",\"description\":\"\",\"publisher\":{\"@id\":\"https:\\\/\\\/maglioccovins.ch\\\/de\\\/#organization\"},\"potentialAction\":[{\"@type\":\"SearchAction\",\"target\":{\"@type\":\"EntryPoint\",\"urlTemplate\":\"https:\\\/\\\/maglioccovins.ch\\\/de\\\/?s={search_term_string}\"},\"query-input\":{\"@type\":\"PropertyValueSpecification\",\"valueRequired\":true,\"valueName\":\"search_term_string\"}}],\"inLanguage\":\"de\"},{\"@type\":\"Organization\",\"@id\":\"https:\\\/\\\/maglioccovins.ch\\\/de\\\/#organization\",\"name\":\"Magliocco Vins\",\"url\":\"https:\\\/\\\/maglioccovins.ch\\\/de\\\/\",\"logo\":{\"@type\":\"ImageObject\",\"inLanguage\":\"de\",\"@id\":\"https:\\\/\\\/maglioccovins.ch\\\/de\\\/#\\\/schema\\\/logo\\\/image\\\/\",\"url\":\"https:\\\/\\\/maglioccovins.ch\\\/wp-content\\\/uploads\\\/2024\\\/02\\\/logo.png\",\"contentUrl\":\"https:\\\/\\\/maglioccovins.ch\\\/wp-content\\\/uploads\\\/2024\\\/02\\\/logo.png\",\"width\":940,\"height\":499,\"caption\":\"Magliocco Vins\"},\"image\":{\"@id\":\"https:\\\/\\\/maglioccovins.ch\\\/de\\\/#\\\/schema\\\/logo\\\/image\\\/\"},\"sameAs\":[\"https:\\\/\\\/www.facebook.com\\\/maglioccovins\\\/\",\"https:\\\/\\\/www.instagram.com\\\/maglioccovins\\\/\"]}]}<\/script>\n<!-- \/ Yoast SEO plugin. -->","yoast_head_json":{"title":"Cornalin - Magliocco Vins","robots":{"index":"index","follow":"follow","max-snippet":"max-snippet:-1","max-image-preview":"max-image-preview:large","max-video-preview":"max-video-preview:-1"},"canonical":"https:\/\/maglioccovins.ch\/de\/produit\/cornalin\/","og_locale":"de_DE","og_type":"article","og_title":"Cornalin - Magliocco Vins","og_description":"Zur\u00fcckhaltende, kompakte Nase. Damit dieser Wein sich voll entfalten kann, sollte er etwa eine Stunde im Voraus ge\u00f6ffnet werden. Zeigt Aromen von reifen schwarzen Fr\u00fcchten, Kirsche, S\u00fcssholz, Kakao. Hoher Alkohol am Gaumen. Die S\u00e4ure unterstreicht den gesamten K\u00f6rper des Weines mit feiner, lebhafter Tanninstruktur. Ein ausgesprochen junger Wein, der die Probe der Zeit nicht scheut. &hellip;","og_url":"https:\/\/maglioccovins.ch\/de\/produit\/cornalin\/","og_site_name":"Magliocco Vins","article_publisher":"https:\/\/www.facebook.com\/maglioccovins\/","article_modified_time":"2024-02-05T13:19:55+00:00","og_image":[{"width":763,"height":1666,"url":"https:\/\/maglioccovins.ch\/wp-content\/uploads\/2024\/02\/CornalinBouteille.webp","type":"image\/webp"}],"twitter_card":"summary_large_image","schema":{"@context":"https:\/\/schema.org","@graph":[{"@type":"WebPage","@id":"https:\/\/maglioccovins.ch\/de\/produit\/cornalin\/","url":"https:\/\/maglioccovins.ch\/de\/produit\/cornalin\/","name":"Cornalin - Magliocco Vins","isPartOf":{"@id":"https:\/\/maglioccovins.ch\/de\/#website"},"primaryImageOfPage":{"@id":"https:\/\/maglioccovins.ch\/de\/produit\/cornalin\/#primaryimage"},"image":{"@id":"https:\/\/maglioccovins.ch\/de\/produit\/cornalin\/#primaryimage"},"thumbnailUrl":"https:\/\/maglioccovins.ch\/wp-content\/uploads\/2024\/02\/CornalinBouteille.webp","datePublished":"2024-02-02T15:51:00+00:00","dateModified":"2024-02-05T13:19:55+00:00","breadcrumb":{"@id":"https:\/\/maglioccovins.ch\/de\/produit\/cornalin\/#breadcrumb"},"inLanguage":"de","potentialAction":[{"@type":"ReadAction","target":["https:\/\/maglioccovins.ch\/de\/produit\/cornalin\/"]}]},{"@type":"ImageObject","inLanguage":"de","@id":"https:\/\/maglioccovins.ch\/de\/produit\/cornalin\/#primaryimage","url":"https:\/\/maglioccovins.ch\/wp-content\/uploads\/2024\/02\/CornalinBouteille.webp","contentUrl":"https:\/\/maglioccovins.ch\/wp-content\/uploads\/2024\/02\/CornalinBouteille.webp","width":763,"height":1666},{"@type":"BreadcrumbList","@id":"https:\/\/maglioccovins.ch\/de\/produit\/cornalin\/#breadcrumb","itemListElement":[{"@type":"ListItem","position":1,"name":"Accueil","item":"https:\/\/maglioccovins.ch\/de\/"},{"@type":"ListItem","position":2,"name":"Shop","item":"https:\/\/maglioccovins.ch\/de\/shop\/"},{"@type":"ListItem","position":3,"name":"Cornalin"}]},{"@type":"WebSite","@id":"https:\/\/maglioccovins.ch\/de\/#website","url":"https:\/\/maglioccovins.ch\/de\/","name":"Magliocco Vins","description":"","publisher":{"@id":"https:\/\/maglioccovins.ch\/de\/#organization"},"potentialAction":[{"@type":"SearchAction","target":{"@type":"EntryPoint","urlTemplate":"https:\/\/maglioccovins.ch\/de\/?s={search_term_string}"},"query-input":{"@type":"PropertyValueSpecification","valueRequired":true,"valueName":"search_term_string"}}],"inLanguage":"de"},{"@type":"Organization","@id":"https:\/\/maglioccovins.ch\/de\/#organization","name":"Magliocco Vins","url":"https:\/\/maglioccovins.ch\/de\/","logo":{"@type":"ImageObject","inLanguage":"de","@id":"https:\/\/maglioccovins.ch\/de\/#\/schema\/logo\/image\/","url":"https:\/\/maglioccovins.ch\/wp-content\/uploads\/2024\/02\/logo.png","contentUrl":"https:\/\/maglioccovins.ch\/wp-content\/uploads\/2024\/02\/logo.png","width":940,"height":499,"caption":"Magliocco Vins"},"image":{"@id":"https:\/\/maglioccovins.ch\/de\/#\/schema\/logo\/image\/"},"sameAs":["https:\/\/www.facebook.com\/maglioccovins\/","https:\/\/www.instagram.com\/maglioccovins\/"]}]}},"_links":{"self":[{"href":"https:\/\/maglioccovins.ch\/de\/wp-json\/wp\/v2\/product\/1751","targetHints":{"allow":["GET"]}}],"collection":[{"href":"https:\/\/maglioccovins.ch\/de\/wp-json\/wp\/v2\/product"}],"about":[{"href":"https:\/\/maglioccovins.ch\/de\/wp-json\/wp\/v2\/types\/product"}],"wp:featuredmedia":[{"embeddable":true,"href":"https:\/\/maglioccovins.ch\/de\/wp-json\/wp\/v2\/media\/1631"}],"wp:attachment":[{"href":"https:\/\/maglioccovins.ch\/de\/wp-json\/wp\/v2\/media?parent=1751"}],"wp:term":[{"taxonomy":"product_brand","embeddable":true,"href":"https:\/\/maglioccovins.ch\/de\/wp-json\/wp\/v2\/product_brand?post=1751"},{"taxonomy":"product_cat","embeddable":true,"href":"https:\/\/maglioccovins.ch\/de\/wp-json\/wp\/v2\/product_cat?post=1751"},{"taxonomy":"product_tag","embeddable":true,"href":"https:\/\/maglioccovins.ch\/de\/wp-json\/wp\/v2\/product_tag?post=1751"}],"curies":[{"name":"wp","href":"https:\/\/api.w.org\/{rel}","templated":true}]}}