{"id":1775,"date":"2024-02-02T15:30:20","date_gmt":"2024-02-02T14:30:20","guid":{"rendered":"https:\/\/maglioccovins.ch\/product\/petite-arvine\/"},"modified":"2024-02-05T16:08:48","modified_gmt":"2024-02-05T15:08:48","slug":"petite-arvine","status":"publish","type":"product","link":"https:\/\/maglioccovins.ch\/de\/produit\/petite-arvine\/","title":{"rendered":"Petite Arvine"},"content":{"rendered":"<div class=\"page\" title=\"Page 3\">\n<div class=\"section\">\n<div class=\"layoutArea\">\n<div class=\"column\">\n<p>Die Nase ist von Aromen von Grapefruit und Glyzinie sowie einer lebhaften Mineralit\u00e4t gepr\u00e4gt. Der Gaumen ist nachhaltig, kernig, direkt. Die S\u00e4ure bestimmt den Rhythmus der gesamten Verkostung bis hin zum salzigen Abgang. Ideal zum Aperitif an warmen Tagen. Passt perfekt zu gegrilltem Fisch, Meeresfr\u00fcchten und frischem Ziegenk\u00e4se.<\/p>\n<\/div>\n<\/div>\n<\/div>\n<\/div>\n","protected":false},"excerpt":{"rendered":"<p>Die Nase ist von Aromen von Grapefruit und Glyzinie sowie einer lebhaften Mineralit\u00e4t gepr\u00e4gt. Der Gaumen ist nachhaltig, kernig, direkt. Die S\u00e4ure bestimmt den Rhythmus der gesamten Verkostung bis hin zum salzigen Abgang. Ideal zum Aperitif an warmen Tagen. Passt perfekt zu gegrilltem Fisch, Meeresfr\u00fcchten und frischem Ziegenk\u00e4se.<\/p>\n","protected":false},"featured_media":1581,"template":"","meta":{"_acf_changed":false},"product_brand":[],"product_cat":[89],"product_tag":[],"class_list":{"0":"post-1775","1":"product","2":"type-product","3":"status-publish","4":"has-post-thumbnail","6":"product_cat-weissweine","8":"first","9":"instock","10":"shipping-taxable","11":"purchasable","12":"product-type-variable","13":"has-default-attributes"},"acf":[],"yoast_head":"<!-- This site is optimized with the Yoast SEO plugin v27.5 - https:\/\/yoast.com\/product\/yoast-seo-wordpress\/ -->\n<title>Petite Arvine - Magliocco Vins<\/title>\n<meta name=\"robots\" content=\"index, follow, max-snippet:-1, max-image-preview:large, max-video-preview:-1\" \/>\n<link rel=\"canonical\" href=\"https:\/\/maglioccovins.ch\/de\/produit\/petite-arvine\/\" \/>\n<meta property=\"og:locale\" content=\"de_DE\" \/>\n<meta property=\"og:type\" content=\"article\" \/>\n<meta property=\"og:title\" content=\"Petite Arvine - Magliocco Vins\" \/>\n<meta property=\"og:description\" content=\"Die Nase ist von Aromen von Grapefruit und Glyzinie sowie einer lebhaften Mineralit\u00e4t gepr\u00e4gt. Der Gaumen ist nachhaltig, kernig, direkt. Die S\u00e4ure bestimmt den Rhythmus der gesamten Verkostung bis hin zum salzigen Abgang. Ideal zum Aperitif an warmen Tagen. Passt perfekt zu gegrilltem Fisch, Meeresfr\u00fcchten und frischem Ziegenk\u00e4se.\" \/>\n<meta property=\"og:url\" content=\"https:\/\/maglioccovins.ch\/de\/produit\/petite-arvine\/\" \/>\n<meta property=\"og:site_name\" content=\"Magliocco Vins\" \/>\n<meta property=\"article:publisher\" content=\"https:\/\/www.facebook.com\/maglioccovins\/\" \/>\n<meta property=\"article:modified_time\" content=\"2024-02-05T15:08:48+00:00\" \/>\n<meta property=\"og:image\" content=\"https:\/\/maglioccovins.ch\/wp-content\/uploads\/2024\/02\/ArvineBouteille.webp\" \/>\n\t<meta property=\"og:image:width\" content=\"763\" \/>\n\t<meta property=\"og:image:height\" content=\"1666\" \/>\n\t<meta property=\"og:image:type\" content=\"image\/webp\" \/>\n<meta name=\"twitter:card\" content=\"summary_large_image\" \/>\n<script type=\"application\/ld+json\" class=\"yoast-schema-graph\">{\"@context\":\"https:\\\/\\\/schema.org\",\"@graph\":[{\"@type\":\"WebPage\",\"@id\":\"https:\\\/\\\/maglioccovins.ch\\\/de\\\/produit\\\/petite-arvine\\\/\",\"url\":\"https:\\\/\\\/maglioccovins.ch\\\/de\\\/produit\\\/petite-arvine\\\/\",\"name\":\"Petite Arvine - Magliocco Vins\",\"isPartOf\":{\"@id\":\"https:\\\/\\\/maglioccovins.ch\\\/de\\\/#website\"},\"primaryImageOfPage\":{\"@id\":\"https:\\\/\\\/maglioccovins.ch\\\/de\\\/produit\\\/petite-arvine\\\/#primaryimage\"},\"image\":{\"@id\":\"https:\\\/\\\/maglioccovins.ch\\\/de\\\/produit\\\/petite-arvine\\\/#primaryimage\"},\"thumbnailUrl\":\"https:\\\/\\\/maglioccovins.ch\\\/wp-content\\\/uploads\\\/2024\\\/02\\\/ArvineBouteille.webp\",\"datePublished\":\"2024-02-02T14:30:20+00:00\",\"dateModified\":\"2024-02-05T15:08:48+00:00\",\"breadcrumb\":{\"@id\":\"https:\\\/\\\/maglioccovins.ch\\\/de\\\/produit\\\/petite-arvine\\\/#breadcrumb\"},\"inLanguage\":\"de\",\"potentialAction\":[{\"@type\":\"ReadAction\",\"target\":[\"https:\\\/\\\/maglioccovins.ch\\\/de\\\/produit\\\/petite-arvine\\\/\"]}]},{\"@type\":\"ImageObject\",\"inLanguage\":\"de\",\"@id\":\"https:\\\/\\\/maglioccovins.ch\\\/de\\\/produit\\\/petite-arvine\\\/#primaryimage\",\"url\":\"https:\\\/\\\/maglioccovins.ch\\\/wp-content\\\/uploads\\\/2024\\\/02\\\/ArvineBouteille.webp\",\"contentUrl\":\"https:\\\/\\\/maglioccovins.ch\\\/wp-content\\\/uploads\\\/2024\\\/02\\\/ArvineBouteille.webp\",\"width\":763,\"height\":1666},{\"@type\":\"BreadcrumbList\",\"@id\":\"https:\\\/\\\/maglioccovins.ch\\\/de\\\/produit\\\/petite-arvine\\\/#breadcrumb\",\"itemListElement\":[{\"@type\":\"ListItem\",\"position\":1,\"name\":\"Accueil\",\"item\":\"https:\\\/\\\/maglioccovins.ch\\\/de\\\/\"},{\"@type\":\"ListItem\",\"position\":2,\"name\":\"Shop\",\"item\":\"https:\\\/\\\/maglioccovins.ch\\\/de\\\/shop\\\/\"},{\"@type\":\"ListItem\",\"position\":3,\"name\":\"Petite Arvine\"}]},{\"@type\":\"WebSite\",\"@id\":\"https:\\\/\\\/maglioccovins.ch\\\/de\\\/#website\",\"url\":\"https:\\\/\\\/maglioccovins.ch\\\/de\\\/\",\"name\":\"Magliocco Vins\",\"description\":\"\",\"publisher\":{\"@id\":\"https:\\\/\\\/maglioccovins.ch\\\/de\\\/#organization\"},\"potentialAction\":[{\"@type\":\"SearchAction\",\"target\":{\"@type\":\"EntryPoint\",\"urlTemplate\":\"https:\\\/\\\/maglioccovins.ch\\\/de\\\/?s={search_term_string}\"},\"query-input\":{\"@type\":\"PropertyValueSpecification\",\"valueRequired\":true,\"valueName\":\"search_term_string\"}}],\"inLanguage\":\"de\"},{\"@type\":\"Organization\",\"@id\":\"https:\\\/\\\/maglioccovins.ch\\\/de\\\/#organization\",\"name\":\"Magliocco Vins\",\"url\":\"https:\\\/\\\/maglioccovins.ch\\\/de\\\/\",\"logo\":{\"@type\":\"ImageObject\",\"inLanguage\":\"de\",\"@id\":\"https:\\\/\\\/maglioccovins.ch\\\/de\\\/#\\\/schema\\\/logo\\\/image\\\/\",\"url\":\"https:\\\/\\\/maglioccovins.ch\\\/wp-content\\\/uploads\\\/2024\\\/02\\\/logo.png\",\"contentUrl\":\"https:\\\/\\\/maglioccovins.ch\\\/wp-content\\\/uploads\\\/2024\\\/02\\\/logo.png\",\"width\":940,\"height\":499,\"caption\":\"Magliocco Vins\"},\"image\":{\"@id\":\"https:\\\/\\\/maglioccovins.ch\\\/de\\\/#\\\/schema\\\/logo\\\/image\\\/\"},\"sameAs\":[\"https:\\\/\\\/www.facebook.com\\\/maglioccovins\\\/\",\"https:\\\/\\\/www.instagram.com\\\/maglioccovins\\\/\"]}]}<\/script>\n<!-- \/ Yoast SEO plugin. -->","yoast_head_json":{"title":"Petite Arvine - Magliocco Vins","robots":{"index":"index","follow":"follow","max-snippet":"max-snippet:-1","max-image-preview":"max-image-preview:large","max-video-preview":"max-video-preview:-1"},"canonical":"https:\/\/maglioccovins.ch\/de\/produit\/petite-arvine\/","og_locale":"de_DE","og_type":"article","og_title":"Petite Arvine - Magliocco Vins","og_description":"Die Nase ist von Aromen von Grapefruit und Glyzinie sowie einer lebhaften Mineralit\u00e4t gepr\u00e4gt. Der Gaumen ist nachhaltig, kernig, direkt. Die S\u00e4ure bestimmt den Rhythmus der gesamten Verkostung bis hin zum salzigen Abgang. Ideal zum Aperitif an warmen Tagen. Passt perfekt zu gegrilltem Fisch, Meeresfr\u00fcchten und frischem Ziegenk\u00e4se.","og_url":"https:\/\/maglioccovins.ch\/de\/produit\/petite-arvine\/","og_site_name":"Magliocco Vins","article_publisher":"https:\/\/www.facebook.com\/maglioccovins\/","article_modified_time":"2024-02-05T15:08:48+00:00","og_image":[{"width":763,"height":1666,"url":"https:\/\/maglioccovins.ch\/wp-content\/uploads\/2024\/02\/ArvineBouteille.webp","type":"image\/webp"}],"twitter_card":"summary_large_image","schema":{"@context":"https:\/\/schema.org","@graph":[{"@type":"WebPage","@id":"https:\/\/maglioccovins.ch\/de\/produit\/petite-arvine\/","url":"https:\/\/maglioccovins.ch\/de\/produit\/petite-arvine\/","name":"Petite Arvine - Magliocco Vins","isPartOf":{"@id":"https:\/\/maglioccovins.ch\/de\/#website"},"primaryImageOfPage":{"@id":"https:\/\/maglioccovins.ch\/de\/produit\/petite-arvine\/#primaryimage"},"image":{"@id":"https:\/\/maglioccovins.ch\/de\/produit\/petite-arvine\/#primaryimage"},"thumbnailUrl":"https:\/\/maglioccovins.ch\/wp-content\/uploads\/2024\/02\/ArvineBouteille.webp","datePublished":"2024-02-02T14:30:20+00:00","dateModified":"2024-02-05T15:08:48+00:00","breadcrumb":{"@id":"https:\/\/maglioccovins.ch\/de\/produit\/petite-arvine\/#breadcrumb"},"inLanguage":"de","potentialAction":[{"@type":"ReadAction","target":["https:\/\/maglioccovins.ch\/de\/produit\/petite-arvine\/"]}]},{"@type":"ImageObject","inLanguage":"de","@id":"https:\/\/maglioccovins.ch\/de\/produit\/petite-arvine\/#primaryimage","url":"https:\/\/maglioccovins.ch\/wp-content\/uploads\/2024\/02\/ArvineBouteille.webp","contentUrl":"https:\/\/maglioccovins.ch\/wp-content\/uploads\/2024\/02\/ArvineBouteille.webp","width":763,"height":1666},{"@type":"BreadcrumbList","@id":"https:\/\/maglioccovins.ch\/de\/produit\/petite-arvine\/#breadcrumb","itemListElement":[{"@type":"ListItem","position":1,"name":"Accueil","item":"https:\/\/maglioccovins.ch\/de\/"},{"@type":"ListItem","position":2,"name":"Shop","item":"https:\/\/maglioccovins.ch\/de\/shop\/"},{"@type":"ListItem","position":3,"name":"Petite Arvine"}]},{"@type":"WebSite","@id":"https:\/\/maglioccovins.ch\/de\/#website","url":"https:\/\/maglioccovins.ch\/de\/","name":"Magliocco Vins","description":"","publisher":{"@id":"https:\/\/maglioccovins.ch\/de\/#organization"},"potentialAction":[{"@type":"SearchAction","target":{"@type":"EntryPoint","urlTemplate":"https:\/\/maglioccovins.ch\/de\/?s={search_term_string}"},"query-input":{"@type":"PropertyValueSpecification","valueRequired":true,"valueName":"search_term_string"}}],"inLanguage":"de"},{"@type":"Organization","@id":"https:\/\/maglioccovins.ch\/de\/#organization","name":"Magliocco Vins","url":"https:\/\/maglioccovins.ch\/de\/","logo":{"@type":"ImageObject","inLanguage":"de","@id":"https:\/\/maglioccovins.ch\/de\/#\/schema\/logo\/image\/","url":"https:\/\/maglioccovins.ch\/wp-content\/uploads\/2024\/02\/logo.png","contentUrl":"https:\/\/maglioccovins.ch\/wp-content\/uploads\/2024\/02\/logo.png","width":940,"height":499,"caption":"Magliocco Vins"},"image":{"@id":"https:\/\/maglioccovins.ch\/de\/#\/schema\/logo\/image\/"},"sameAs":["https:\/\/www.facebook.com\/maglioccovins\/","https:\/\/www.instagram.com\/maglioccovins\/"]}]}},"_links":{"self":[{"href":"https:\/\/maglioccovins.ch\/de\/wp-json\/wp\/v2\/product\/1775","targetHints":{"allow":["GET"]}}],"collection":[{"href":"https:\/\/maglioccovins.ch\/de\/wp-json\/wp\/v2\/product"}],"about":[{"href":"https:\/\/maglioccovins.ch\/de\/wp-json\/wp\/v2\/types\/product"}],"wp:featuredmedia":[{"embeddable":true,"href":"https:\/\/maglioccovins.ch\/de\/wp-json\/wp\/v2\/media\/1581"}],"wp:attachment":[{"href":"https:\/\/maglioccovins.ch\/de\/wp-json\/wp\/v2\/media?parent=1775"}],"wp:term":[{"taxonomy":"product_brand","embeddable":true,"href":"https:\/\/maglioccovins.ch\/de\/wp-json\/wp\/v2\/product_brand?post=1775"},{"taxonomy":"product_cat","embeddable":true,"href":"https:\/\/maglioccovins.ch\/de\/wp-json\/wp\/v2\/product_cat?post=1775"},{"taxonomy":"product_tag","embeddable":true,"href":"https:\/\/maglioccovins.ch\/de\/wp-json\/wp\/v2\/product_tag?post=1775"}],"curies":[{"name":"wp","href":"https:\/\/api.w.org\/{rel}","templated":true}]}}