{"id":1781,"date":"2024-02-01T14:00:42","date_gmt":"2024-02-01T13:00:42","guid":{"rendered":"https:\/\/maglioccovins.ch\/product\/fendant-tremazieres\/"},"modified":"2024-02-05T16:14:36","modified_gmt":"2024-02-05T15:14:36","slug":"fendant-tremazieres","status":"publish","type":"product","link":"https:\/\/maglioccovins.ch\/de\/produit\/fendant-tremazieres\/","title":{"rendered":"Fendant Tr\u00e9mazi\u00e8res"},"content":{"rendered":"<div class=\"page\" title=\"Page 3\">\n<div class=\"section\">\n<div class=\"layoutArea\">\n<div class=\"column\">\n<p>Issu d\u2019un parcellaire de Tr\u00e9mazi\u00e8re, c\u2019est un blanc pulpeux, mais \u00e9tir\u00e9 par de belles acidit\u00e9s et min\u00e9ralit\u00e9s. On y sent un c\u00f4t\u00e9 fleuri avec le tilleul et l\u2019acacia ainsi que des touches d\u2019agrumes. A servir sur un poisson du lac ou \u00e0 boire pour lui-m\u00eame.<\/p>\n<\/div>\n<\/div>\n<\/div>\n<\/div>\n","protected":false},"excerpt":{"rendered":"<p>Issu d\u2019un parcellaire de Tr\u00e9mazi\u00e8re, c\u2019est un blanc pulpeux, mais \u00e9tir\u00e9 par de belles acidit\u00e9s et min\u00e9ralit\u00e9s. On y sent un c\u00f4t\u00e9 fleuri avec le tilleul et l\u2019acacia ainsi que des touches d\u2019agrumes. A servir sur un poisson du lac ou \u00e0 boire pour lui-m\u00eame.<\/p>\n","protected":false},"featured_media":1561,"template":"","meta":{"_acf_changed":false},"product_brand":[],"product_cat":[89],"product_tag":[],"class_list":{"0":"post-1781","1":"product","2":"type-product","3":"status-publish","4":"has-post-thumbnail","6":"product_cat-weissweine","8":"first","9":"instock","10":"shipping-taxable","11":"purchasable","12":"product-type-variable","13":"has-default-attributes"},"acf":[],"yoast_head":"<!-- This site is optimized with the Yoast SEO plugin v27.5 - https:\/\/yoast.com\/product\/yoast-seo-wordpress\/ -->\n<title>Fendant Tr\u00e9mazi\u00e8res - Magliocco Vins<\/title>\n<meta name=\"robots\" content=\"index, follow, max-snippet:-1, max-image-preview:large, max-video-preview:-1\" \/>\n<link rel=\"canonical\" href=\"https:\/\/maglioccovins.ch\/de\/produit\/fendant-tremazieres\/\" \/>\n<meta property=\"og:locale\" content=\"de_DE\" \/>\n<meta property=\"og:type\" content=\"article\" \/>\n<meta property=\"og:title\" content=\"Fendant Tr\u00e9mazi\u00e8res - Magliocco Vins\" \/>\n<meta property=\"og:description\" content=\"Issu d\u2019un parcellaire de Tr\u00e9mazi\u00e8re, c\u2019est un blanc pulpeux, mais \u00e9tir\u00e9 par de belles acidit\u00e9s et min\u00e9ralit\u00e9s. On y sent un c\u00f4t\u00e9 fleuri avec le tilleul et l\u2019acacia ainsi que des touches d\u2019agrumes. A servir sur un poisson du lac ou \u00e0 boire pour lui-m\u00eame.\" \/>\n<meta property=\"og:url\" content=\"https:\/\/maglioccovins.ch\/de\/produit\/fendant-tremazieres\/\" \/>\n<meta property=\"og:site_name\" content=\"Magliocco Vins\" \/>\n<meta property=\"article:publisher\" content=\"https:\/\/www.facebook.com\/maglioccovins\/\" \/>\n<meta property=\"article:modified_time\" content=\"2024-02-05T15:14:36+00:00\" \/>\n<meta property=\"og:image\" content=\"https:\/\/maglioccovins.ch\/wp-content\/uploads\/2024\/02\/FendantTremaziereBouteille.webp\" \/>\n\t<meta property=\"og:image:width\" content=\"763\" \/>\n\t<meta property=\"og:image:height\" content=\"1666\" \/>\n\t<meta property=\"og:image:type\" content=\"image\/webp\" \/>\n<meta name=\"twitter:card\" content=\"summary_large_image\" \/>\n<script type=\"application\/ld+json\" class=\"yoast-schema-graph\">{\"@context\":\"https:\\\/\\\/schema.org\",\"@graph\":[{\"@type\":\"WebPage\",\"@id\":\"https:\\\/\\\/maglioccovins.ch\\\/de\\\/produit\\\/fendant-tremazieres\\\/\",\"url\":\"https:\\\/\\\/maglioccovins.ch\\\/de\\\/produit\\\/fendant-tremazieres\\\/\",\"name\":\"Fendant Tr\u00e9mazi\u00e8res - Magliocco Vins\",\"isPartOf\":{\"@id\":\"https:\\\/\\\/maglioccovins.ch\\\/de\\\/#website\"},\"primaryImageOfPage\":{\"@id\":\"https:\\\/\\\/maglioccovins.ch\\\/de\\\/produit\\\/fendant-tremazieres\\\/#primaryimage\"},\"image\":{\"@id\":\"https:\\\/\\\/maglioccovins.ch\\\/de\\\/produit\\\/fendant-tremazieres\\\/#primaryimage\"},\"thumbnailUrl\":\"https:\\\/\\\/maglioccovins.ch\\\/wp-content\\\/uploads\\\/2024\\\/02\\\/FendantTremaziereBouteille.webp\",\"datePublished\":\"2024-02-01T13:00:42+00:00\",\"dateModified\":\"2024-02-05T15:14:36+00:00\",\"breadcrumb\":{\"@id\":\"https:\\\/\\\/maglioccovins.ch\\\/de\\\/produit\\\/fendant-tremazieres\\\/#breadcrumb\"},\"inLanguage\":\"de\",\"potentialAction\":[{\"@type\":\"ReadAction\",\"target\":[\"https:\\\/\\\/maglioccovins.ch\\\/de\\\/produit\\\/fendant-tremazieres\\\/\"]}]},{\"@type\":\"ImageObject\",\"inLanguage\":\"de\",\"@id\":\"https:\\\/\\\/maglioccovins.ch\\\/de\\\/produit\\\/fendant-tremazieres\\\/#primaryimage\",\"url\":\"https:\\\/\\\/maglioccovins.ch\\\/wp-content\\\/uploads\\\/2024\\\/02\\\/FendantTremaziereBouteille.webp\",\"contentUrl\":\"https:\\\/\\\/maglioccovins.ch\\\/wp-content\\\/uploads\\\/2024\\\/02\\\/FendantTremaziereBouteille.webp\",\"width\":763,\"height\":1666},{\"@type\":\"BreadcrumbList\",\"@id\":\"https:\\\/\\\/maglioccovins.ch\\\/de\\\/produit\\\/fendant-tremazieres\\\/#breadcrumb\",\"itemListElement\":[{\"@type\":\"ListItem\",\"position\":1,\"name\":\"Accueil\",\"item\":\"https:\\\/\\\/maglioccovins.ch\\\/de\\\/\"},{\"@type\":\"ListItem\",\"position\":2,\"name\":\"Shop\",\"item\":\"https:\\\/\\\/maglioccovins.ch\\\/de\\\/shop\\\/\"},{\"@type\":\"ListItem\",\"position\":3,\"name\":\"Fendant Tr\u00e9mazi\u00e8res\"}]},{\"@type\":\"WebSite\",\"@id\":\"https:\\\/\\\/maglioccovins.ch\\\/de\\\/#website\",\"url\":\"https:\\\/\\\/maglioccovins.ch\\\/de\\\/\",\"name\":\"Magliocco Vins\",\"description\":\"\",\"publisher\":{\"@id\":\"https:\\\/\\\/maglioccovins.ch\\\/de\\\/#organization\"},\"potentialAction\":[{\"@type\":\"SearchAction\",\"target\":{\"@type\":\"EntryPoint\",\"urlTemplate\":\"https:\\\/\\\/maglioccovins.ch\\\/de\\\/?s={search_term_string}\"},\"query-input\":{\"@type\":\"PropertyValueSpecification\",\"valueRequired\":true,\"valueName\":\"search_term_string\"}}],\"inLanguage\":\"de\"},{\"@type\":\"Organization\",\"@id\":\"https:\\\/\\\/maglioccovins.ch\\\/de\\\/#organization\",\"name\":\"Magliocco Vins\",\"url\":\"https:\\\/\\\/maglioccovins.ch\\\/de\\\/\",\"logo\":{\"@type\":\"ImageObject\",\"inLanguage\":\"de\",\"@id\":\"https:\\\/\\\/maglioccovins.ch\\\/de\\\/#\\\/schema\\\/logo\\\/image\\\/\",\"url\":\"https:\\\/\\\/maglioccovins.ch\\\/wp-content\\\/uploads\\\/2024\\\/02\\\/logo.png\",\"contentUrl\":\"https:\\\/\\\/maglioccovins.ch\\\/wp-content\\\/uploads\\\/2024\\\/02\\\/logo.png\",\"width\":940,\"height\":499,\"caption\":\"Magliocco Vins\"},\"image\":{\"@id\":\"https:\\\/\\\/maglioccovins.ch\\\/de\\\/#\\\/schema\\\/logo\\\/image\\\/\"},\"sameAs\":[\"https:\\\/\\\/www.facebook.com\\\/maglioccovins\\\/\",\"https:\\\/\\\/www.instagram.com\\\/maglioccovins\\\/\"]}]}<\/script>\n<!-- \/ Yoast SEO plugin. -->","yoast_head_json":{"title":"Fendant Tr\u00e9mazi\u00e8res - Magliocco Vins","robots":{"index":"index","follow":"follow","max-snippet":"max-snippet:-1","max-image-preview":"max-image-preview:large","max-video-preview":"max-video-preview:-1"},"canonical":"https:\/\/maglioccovins.ch\/de\/produit\/fendant-tremazieres\/","og_locale":"de_DE","og_type":"article","og_title":"Fendant Tr\u00e9mazi\u00e8res - Magliocco Vins","og_description":"Issu d\u2019un parcellaire de Tr\u00e9mazi\u00e8re, c\u2019est un blanc pulpeux, mais \u00e9tir\u00e9 par de belles acidit\u00e9s et min\u00e9ralit\u00e9s. On y sent un c\u00f4t\u00e9 fleuri avec le tilleul et l\u2019acacia ainsi que des touches d\u2019agrumes. A servir sur un poisson du lac ou \u00e0 boire pour lui-m\u00eame.","og_url":"https:\/\/maglioccovins.ch\/de\/produit\/fendant-tremazieres\/","og_site_name":"Magliocco Vins","article_publisher":"https:\/\/www.facebook.com\/maglioccovins\/","article_modified_time":"2024-02-05T15:14:36+00:00","og_image":[{"width":763,"height":1666,"url":"https:\/\/maglioccovins.ch\/wp-content\/uploads\/2024\/02\/FendantTremaziereBouteille.webp","type":"image\/webp"}],"twitter_card":"summary_large_image","schema":{"@context":"https:\/\/schema.org","@graph":[{"@type":"WebPage","@id":"https:\/\/maglioccovins.ch\/de\/produit\/fendant-tremazieres\/","url":"https:\/\/maglioccovins.ch\/de\/produit\/fendant-tremazieres\/","name":"Fendant Tr\u00e9mazi\u00e8res - Magliocco Vins","isPartOf":{"@id":"https:\/\/maglioccovins.ch\/de\/#website"},"primaryImageOfPage":{"@id":"https:\/\/maglioccovins.ch\/de\/produit\/fendant-tremazieres\/#primaryimage"},"image":{"@id":"https:\/\/maglioccovins.ch\/de\/produit\/fendant-tremazieres\/#primaryimage"},"thumbnailUrl":"https:\/\/maglioccovins.ch\/wp-content\/uploads\/2024\/02\/FendantTremaziereBouteille.webp","datePublished":"2024-02-01T13:00:42+00:00","dateModified":"2024-02-05T15:14:36+00:00","breadcrumb":{"@id":"https:\/\/maglioccovins.ch\/de\/produit\/fendant-tremazieres\/#breadcrumb"},"inLanguage":"de","potentialAction":[{"@type":"ReadAction","target":["https:\/\/maglioccovins.ch\/de\/produit\/fendant-tremazieres\/"]}]},{"@type":"ImageObject","inLanguage":"de","@id":"https:\/\/maglioccovins.ch\/de\/produit\/fendant-tremazieres\/#primaryimage","url":"https:\/\/maglioccovins.ch\/wp-content\/uploads\/2024\/02\/FendantTremaziereBouteille.webp","contentUrl":"https:\/\/maglioccovins.ch\/wp-content\/uploads\/2024\/02\/FendantTremaziereBouteille.webp","width":763,"height":1666},{"@type":"BreadcrumbList","@id":"https:\/\/maglioccovins.ch\/de\/produit\/fendant-tremazieres\/#breadcrumb","itemListElement":[{"@type":"ListItem","position":1,"name":"Accueil","item":"https:\/\/maglioccovins.ch\/de\/"},{"@type":"ListItem","position":2,"name":"Shop","item":"https:\/\/maglioccovins.ch\/de\/shop\/"},{"@type":"ListItem","position":3,"name":"Fendant Tr\u00e9mazi\u00e8res"}]},{"@type":"WebSite","@id":"https:\/\/maglioccovins.ch\/de\/#website","url":"https:\/\/maglioccovins.ch\/de\/","name":"Magliocco Vins","description":"","publisher":{"@id":"https:\/\/maglioccovins.ch\/de\/#organization"},"potentialAction":[{"@type":"SearchAction","target":{"@type":"EntryPoint","urlTemplate":"https:\/\/maglioccovins.ch\/de\/?s={search_term_string}"},"query-input":{"@type":"PropertyValueSpecification","valueRequired":true,"valueName":"search_term_string"}}],"inLanguage":"de"},{"@type":"Organization","@id":"https:\/\/maglioccovins.ch\/de\/#organization","name":"Magliocco Vins","url":"https:\/\/maglioccovins.ch\/de\/","logo":{"@type":"ImageObject","inLanguage":"de","@id":"https:\/\/maglioccovins.ch\/de\/#\/schema\/logo\/image\/","url":"https:\/\/maglioccovins.ch\/wp-content\/uploads\/2024\/02\/logo.png","contentUrl":"https:\/\/maglioccovins.ch\/wp-content\/uploads\/2024\/02\/logo.png","width":940,"height":499,"caption":"Magliocco Vins"},"image":{"@id":"https:\/\/maglioccovins.ch\/de\/#\/schema\/logo\/image\/"},"sameAs":["https:\/\/www.facebook.com\/maglioccovins\/","https:\/\/www.instagram.com\/maglioccovins\/"]}]}},"_links":{"self":[{"href":"https:\/\/maglioccovins.ch\/de\/wp-json\/wp\/v2\/product\/1781","targetHints":{"allow":["GET"]}}],"collection":[{"href":"https:\/\/maglioccovins.ch\/de\/wp-json\/wp\/v2\/product"}],"about":[{"href":"https:\/\/maglioccovins.ch\/de\/wp-json\/wp\/v2\/types\/product"}],"wp:featuredmedia":[{"embeddable":true,"href":"https:\/\/maglioccovins.ch\/de\/wp-json\/wp\/v2\/media\/1561"}],"wp:attachment":[{"href":"https:\/\/maglioccovins.ch\/de\/wp-json\/wp\/v2\/media?parent=1781"}],"wp:term":[{"taxonomy":"product_brand","embeddable":true,"href":"https:\/\/maglioccovins.ch\/de\/wp-json\/wp\/v2\/product_brand?post=1781"},{"taxonomy":"product_cat","embeddable":true,"href":"https:\/\/maglioccovins.ch\/de\/wp-json\/wp\/v2\/product_cat?post=1781"},{"taxonomy":"product_tag","embeddable":true,"href":"https:\/\/maglioccovins.ch\/de\/wp-json\/wp\/v2\/product_tag?post=1781"}],"curies":[{"name":"wp","href":"https:\/\/api.w.org\/{rel}","templated":true}]}}